{"id":359,"date":"2011-04-02T23:13:20","date_gmt":"2011-04-02T15:13:20","guid":{"rendered":"http:\/\/shanghai.stunts.hu\/?page_id=359"},"modified":"2014-10-20T12:34:35","modified_gmt":"2014-10-20T04:34:35","slug":"vendegszoba","status":"publish","type":"page","link":"https:\/\/shanghai.stunts.hu\/?page_id=359","title":{"rendered":"Vend\u00e9gszoba"},"content":{"rendered":"<p>A vend\u00e9gszoba m\u00e1r nem \u00fczemel, de a bejegyz\u00e9st az itt \u00f6sszegy\u0171lt kommentek miatt fennhagytam.<\/p>\n","protected":false},"excerpt":{"rendered":"<p>A vend\u00e9gszoba m\u00e1r nem \u00fczemel, de a bejegyz\u00e9st az itt \u00f6sszegy\u0171lt kommentek miatt fennhagytam.<\/p>\n","protected":false},"author":1,"featured_media":0,"parent":0,"menu_order":0,"comment_status":"open","ping_status":"open","template":"","meta":[],"_links":{"self":[{"href":"https:\/\/shanghai.stunts.hu\/index.php?rest_route=\/wp\/v2\/pages\/359"}],"collection":[{"href":"https:\/\/shanghai.stunts.hu\/index.php?rest_route=\/wp\/v2\/pages"}],"about":[{"href":"https:\/\/shanghai.stunts.hu\/index.php?rest_route=\/wp\/v2\/types\/page"}],"author":[{"embeddable":true,"href":"https:\/\/shanghai.stunts.hu\/index.php?rest_route=\/wp\/v2\/users\/1"}],"replies":[{"embeddable":true,"href":"https:\/\/shanghai.stunts.hu\/index.php?rest_route=%2Fwp%2Fv2%2Fcomments&post=359"}],"version-history":[{"count":8,"href":"https:\/\/shanghai.stunts.hu\/index.php?rest_route=\/wp\/v2\/pages\/359\/revisions"}],"predecessor-version":[{"id":5703,"href":"https:\/\/shanghai.stunts.hu\/index.php?rest_route=\/wp\/v2\/pages\/359\/revisions\/5703"}],"wp:attachment":[{"href":"https:\/\/shanghai.stunts.hu\/index.php?rest_route=%2Fwp%2Fv2%2Fmedia&parent=359"}],"curies":[{"name":"wp","href":"https:\/\/api.w.org\/{rel}","templated":true}]}}