{"id":3627,"date":"2013-04-25T22:07:16","date_gmt":"2013-04-25T14:07:16","guid":{"rendered":"http:\/\/shanghai.stunts.hu\/?page_id=3627"},"modified":"2013-04-25T22:19:43","modified_gmt":"2013-04-25T14:19:43","slug":"latnivalok","status":"publish","type":"page","link":"https:\/\/shanghai.stunts.hu\/?page_id=3627","title":{"rendered":"L\u00e1tnival\u00f3k"},"content":{"rendered":"<p>Ez a lista Shanghai legjob l\u00e1tnival\u00f3ir\u00f3l \u00e9s \u00e9lm\u00e9nyeir\u0151l egy sima bejegyz\u00e9sk\u00e9nt indult, de sokan nem tal\u00e1lt\u00e1k, \u00edgy kiker\u00fclt ide. Pr\u00f3b\u00e1lom rendszeresen friss\u00edteni.<\/p>\n<p>\u00c9rt\u00e9kel\u00e9s:<\/p>\n<ul>\n<li><strong>4 \u2013 k\u00f6telez\u0151, ha megteheted<\/strong><\/li>\n<li><strong>3 \u2013 nagyon aj\u00e1nljuk, igazi \u00e9lm\u00e9ny<\/strong><\/li>\n<li><strong>2 \u2013 csak ha jut r\u00e1 id\u0151d<\/strong><\/li>\n<li><strong>1 \u2013 szerint\u00fcnk felejt\u0151s<\/strong><\/li>\n<li><strong>0 \u2013 m\u00e9g nem voltunk de a list\u00e1ra k\u00edv\u00e1nkozik<\/strong><\/li>\n<\/ul>\n<table width=\"620\" border=\"1\" cellspacing=\"0\" cellpadding=\"0\">\n<colgroup>\n<col width=\"171\" \/>\n<col width=\"86\" \/>\n<col width=\"64\" \/>\n<col width=\"32\" \/>\n<col width=\"267\" \/><\/colgroup>\n<tbody>\n<tr>\n<td width=\"171\" height=\"20\">N\u00e9v<\/td>\n<td width=\"86\">Kateg\u00f3ria<\/td>\n<td width=\"64\">Voltunk?<\/td>\n<td width=\"32\">Pont<\/td>\n<td width=\"267\">Le\u00edr\u00e1s<\/td>\n<\/tr>\n<tr>\n<td height=\"33\">Century Avenue<\/td>\n<td>Bicaj<\/td>\n<td>Igen<\/td>\n<td>3<\/td>\n<td width=\"267\">Akik nem bicajoznak gyakran de picit kerekezn\u00e9nek a v\u00e1rosban.<\/td>\n<\/tr>\n<tr>\n<td height=\"33\">Kangqiao<\/td>\n<td>Bicaj<\/td>\n<td>Igen<\/td>\n<td>2<\/td>\n<td width=\"267\">Falu, gy\u00e1r, elit lak\u00f3park egy helyen, de \u00f6sszess\u00e9g\u00e9ben nem olyan \u00e9rdekes.<\/td>\n<\/tr>\n<tr>\n<td height=\"33\">Sunqiao<\/td>\n<td>Bicaj<\/td>\n<td>Igen<\/td>\n<td>3<\/td>\n<td width=\"267\">Az egyik legk\u00f6zelebbi \u00e9rdekes \u00e9s falusias k\u00f6rny\u00e9k<\/td>\n<\/tr>\n<tr>\n<td height=\"33\">Tengerpart<\/td>\n<td>Bicaj<\/td>\n<td>Igen<\/td>\n<td>4<\/td>\n<td width=\"267\">Kellemes, nyugodt, forgalom n\u00e9lk\u00fcli de m\u00e9gis \u00e9rdekes \u00fatvonal.<\/td>\n<\/tr>\n<tr>\n<td height=\"33\">Qibao<\/td>\n<td>Day trip<\/td>\n<td>Igen<\/td>\n<td>1<\/td>\n<td width=\"267\">T\u00f6meg, k\u00e9t utca \u00e9s p\u00e1r \u00e9rdekes kaja. Van jobb nem sokkal messzebb<\/td>\n<\/tr>\n<tr>\n<td height=\"33\">Sheshan<\/td>\n<td>Day trip<\/td>\n<td>Igen<\/td>\n<td>1<\/td>\n<td width=\"267\">Semmi extra, egy domb, ki\u00e9p\u00edtett \u00f6sv\u00e9nyekkel \u00e9s egy jellegtelen templommal.<\/td>\n<\/tr>\n<tr>\n<td height=\"49\">Tongli<\/td>\n<td>Day trip<\/td>\n<td>Igen<\/td>\n<td>3<\/td>\n<td width=\"267\">V\u00edziv\u00e1ros a jobbak k\u00f6z\u00fcl, a szexm\u00fazeum miatt nagyon meg\u00e9ri kimenni. Suzhou-val egybek\u00f6tve optim\u00e1lis.<\/td>\n<\/tr>\n<tr>\n<td height=\"20\">Wuzhen<\/td>\n<td>Day trip<\/td>\n<td>Nem<\/td>\n<td>0<\/td>\n<td width=\"267\">M\u00e9g nem voltunk&#8230;<\/td>\n<\/tr>\n<tr>\n<td height=\"49\">Xinchang<\/td>\n<td>Day trip<\/td>\n<td>Igen<\/td>\n<td>2<\/td>\n<td width=\"267\">A v\u00e1roson bel\u00fcli opci\u00f3k k\u00f6z\u00fcl sokkal jobb mint Qibao de persze nem vetekedhet az igazi Shanghai hat\u00e1r\u00e1n k\u00edv\u00fcli hasonl\u00f3 helyekkel.<\/td>\n<\/tr>\n<tr>\n<td height=\"20\">Xitang<\/td>\n<td>Day trip<\/td>\n<td>Igen<\/td>\n<td>3<\/td>\n<td width=\"267\">Nagyon hangulatos de sajnos t\u00fal turist\u00e1s.<\/td>\n<\/tr>\n<tr>\n<td height=\"20\">Zhouzhuang<\/td>\n<td>Day trip<\/td>\n<td>Nem<\/td>\n<td>0<\/td>\n<td width=\"267\">M\u00e9g nem voltunk&#8230;<\/td>\n<\/tr>\n<tr>\n<td height=\"20\">Zhujiajiao<\/td>\n<td>Day trip<\/td>\n<td>Nem<\/td>\n<td>0<\/td>\n<td width=\"267\">M\u00e9g nem voltunk&#8230;<\/td>\n<\/tr>\n<tr>\n<td height=\"65\">Circus World<\/td>\n<td>\u00c9lm\u00e9ny<\/td>\n<td>Nem<\/td>\n<td>3<\/td>\n<td width=\"267\">A gyerekprogram hozza az otthoni sz\u00ednvonalat, a feln\u0151tt\u00f6n m\u00e9g nem voltunk de nagyon j\u00f3kat \u00edrnak r\u00f3la. K\u00f6r alak\u00fa a cirksuz, az olcs\u00f3bb helyekr\u0151l is j\u00f3l l\u00e1tni, nem kell a dr\u00e1ga jegy.<\/td>\n<\/tr>\n<tr>\n<td height=\"20\">CRH vonat<\/td>\n<td>\u00c9lm\u00e9ny<\/td>\n<td>Igen<\/td>\n<td>3<\/td>\n<td width=\"267\">Csak ut\u00e1na ne \u00fclj t\u00f6bbet otthon vonatra \ud83d\ude42<\/td>\n<\/tr>\n<tr>\n<td height=\"33\">\u00c9jszakai \u00e9let<\/td>\n<td>\u00c9lm\u00e9ny<\/td>\n<td>Nem<\/td>\n<td>3<\/td>\n<td width=\"267\">Aki szereti \u00e9s teheti, menjen. Nek\u00fcnk nagyr\u00e9szt kimarad sajnos.<\/td>\n<\/tr>\n<tr>\n<td height=\"33\">Huangpu haj\u00f3z\u00e1s<\/td>\n<td>\u00c9lm\u00e9ny<\/td>\n<td>Igen<\/td>\n<td>2<\/td>\n<td width=\"267\">Ha am\u00fagy is \u00e1t kell menni a foly\u00f3n \u00e9s tiszta az id\u0151. Am\u00fagy kihagyhat\u00f3.<\/td>\n<\/tr>\n<tr>\n<td height=\"33\">K\u00f6zt\u00e9ri t\u00e1nc\/taiqi<\/td>\n<td>\u00c9lm\u00e9ny<\/td>\n<td>Igen<\/td>\n<td>4<\/td>\n<td width=\"267\">K\u00edna egyik legink\u00e1bb irigyl\u00e9srem\u00e9lt\u00f3 szok\u00e1sa &#8211; k\u00e1r kihagyni.<\/td>\n<\/tr>\n<tr>\n<td height=\"33\">K\u00fclv\u00e1rosi b\u00e1mul\u00e1s<\/td>\n<td>\u00c9lm\u00e9ny<\/td>\n<td>Igen<\/td>\n<td>4<\/td>\n<td width=\"267\">Tanulja meg mindenki, milyen \u00e9rz\u00e9s idegennek lenni.<\/td>\n<\/tr>\n<tr>\n<td height=\"20\">Maglev<\/td>\n<td>\u00c9lm\u00e9ny<\/td>\n<td>Igen<\/td>\n<td>4<\/td>\n<td width=\"267\">Csak itt, sehol m\u00e1shol. K\u00e1r kihagyni.<\/td>\n<\/tr>\n<tr>\n<td height=\"33\">Massz\u00e1zs<\/td>\n<td>\u00c9lm\u00e9ny<\/td>\n<td>Igen<\/td>\n<td>4<\/td>\n<td width=\"267\">Egy l\u00e1bmassz\u00e1zs minimum, de javasolt benevezni valami hosszabbra.<\/td>\n<\/tr>\n<tr>\n<td height=\"20\">Metr\u00f3z\u00e1s cs\u00facsforgalomban<\/td>\n<td>\u00c9lm\u00e9ny<\/td>\n<td>Igen<\/td>\n<td>4<\/td>\n<td width=\"267\">Egyszer \u00e9rdemes csak t\u00f6bbsz\u00f6r ne kelljen.<\/td>\n<\/tr>\n<tr>\n<td height=\"20\">People&#8217;s Square &#8220;l\u00e1nypiac&#8221;<\/td>\n<td>\u00c9lm\u00e9ny<\/td>\n<td>Igen<\/td>\n<td>4<\/td>\n<td width=\"267\">Szint\u00e9n leny\u0171g\u00f6z\u0151 kultur\u00e1lis \u00e9rdekess\u00e9g.<\/td>\n<\/tr>\n<tr>\n<td height=\"33\">Piac<\/td>\n<td>\u00c9lm\u00e9ny<\/td>\n<td>Igen<\/td>\n<td>4<\/td>\n<td width=\"267\">Az els\u0151 napokon nem javasolt a szagok miatt de k\u00f6telez\u0151 k\u00f6r.<\/td>\n<\/tr>\n<tr>\n<td height=\"20\">Seafood market<\/td>\n<td>\u00c9lm\u00e9ny<\/td>\n<td>Nem<\/td>\n<td>0<\/td>\n<td width=\"267\">M\u00e9g nem voltunk&#8230;<\/td>\n<\/tr>\n<tr>\n<td height=\"49\">Muszlim piac<\/td>\n<td>\u00c9lm\u00e9ny<\/td>\n<td>Igen<\/td>\n<td>3<\/td>\n<td width=\"267\">Csak p\u00e9ntekenk\u00e9nt van &#8211; \u00e9rdemes eb\u00e9dre vagy kora d\u00e9lut\u00e1n menni. Birkafetisiszt\u00e1knak k\u00f6telez\u0151.<\/td>\n<\/tr>\n<tr>\n<td height=\"33\">Hangzhou<\/td>\n<td>H\u00e9tv\u00e9ge<\/td>\n<td>Igen<\/td>\n<td>4<\/td>\n<td width=\"267\">Ha van egy szabad h\u00e9tv\u00e9g\u00e9d, ide menj. A vil\u00e1gon nincs p\u00e1rja.<\/td>\n<\/tr>\n<tr>\n<td height=\"33\">Moganshan<\/td>\n<td>H\u00e9tv\u00e9ge<\/td>\n<td>Igen<\/td>\n<td>4<\/td>\n<td width=\"267\">Vid\u00e9ki, de m\u00e9gis l\u00e1togat\u00f3bar\u00e1t K\u00edna. \u00c9lm\u00e9ny \u00e9s pihen\u00e9s.<\/td>\n<\/tr>\n<tr>\n<td height=\"49\">Nanjing<\/td>\n<td>H\u00e9tv\u00e9ge<\/td>\n<td>Nem<\/td>\n<td>3<\/td>\n<td width=\"267\">Csak egy c\u00e9ges csapat\u00e9p\u00edt\u00e9s sor\u00e1n jutottam el egyel\u0151re, de m\u00e9g biztos visszat\u00e9r\u00fcnk mert sok kincset rejt.<\/td>\n<\/tr>\n<tr>\n<td height=\"20\">Suzhou<\/td>\n<td>H\u00e9tv\u00e9ge<\/td>\n<td>Igen<\/td>\n<td>3<\/td>\n<td width=\"267\">Kertcentrikusoknak Hangzhou helyett<\/td>\n<\/tr>\n<tr>\n<td height=\"33\">Zhoushan szigetek<\/td>\n<td>H\u00e9tv\u00e9ge<\/td>\n<td>Igen<\/td>\n<td>2<\/td>\n<td width=\"267\">\u00c9rdekes \u00e9s sz\u00e9p, de egy r\u00f6vid utaz\u00e1s alatt nem ezt v\u00e1lasztan\u00e1m.<\/td>\n<\/tr>\n<tr>\n<td height=\"20\">100 napos toj\u00e1s<\/td>\n<td>Kaja<\/td>\n<td>Igen<\/td>\n<td>4<\/td>\n<td width=\"267\">Eddig mindenki kellemesen csal\u00f3dott benne.<\/td>\n<\/tr>\n<tr>\n<td height=\"33\">Arab t\u00e9szta<\/td>\n<td>Kaja<\/td>\n<td>Igen<\/td>\n<td>3<\/td>\n<td width=\"267\">Olcs\u00f3, finom, \u00e9rdemes. Muszlim piac persze jobb.<\/td>\n<\/tr>\n<tr>\n<td height=\"20\">Ayi eb\u00e9dje<\/td>\n<td>Kaja<\/td>\n<td>Igen<\/td>\n<td>4<\/td>\n<td width=\"267\">Hogy az igazi k\u00ednai h\u00e1zikosztot is megismerd.<\/td>\n<\/tr>\n<tr>\n<td height=\"33\">B\u00fcd\u00f6s tofu<\/td>\n<td>Kaja<\/td>\n<td>Igen<\/td>\n<td>4<\/td>\n<td width=\"267\">Szerint\u00fcnk k\u00f6telez\u0151, de meg\u00e9rtj\u00fck ha nem mered. \ud83d\ude42<\/td>\n<\/tr>\n<tr>\n<td height=\"20\">Dim sum<\/td>\n<td>Kaja<\/td>\n<td>Nem<\/td>\n<td>3<\/td>\n<td width=\"267\">Kell hozz\u00e1 p\u00e9nz, de ha van, isteni.<\/td>\n<\/tr>\n<tr>\n<td height=\"20\">Gy\u00f3gyn\u00f6v\u00e9nyes \u00e9tterem<\/td>\n<td>Kaja<\/td>\n<td>Igen<\/td>\n<td>3<\/td>\n<td width=\"267\">Annak is, aki idegenkedik a k\u00ednai \u00e9telekt\u0151l.<\/td>\n<\/tr>\n<tr>\n<td height=\"20\">Gy\u00fcm\u00f6lcs\u00f6k<\/td>\n<td>Kaja<\/td>\n<td>Igen<\/td>\n<td>4<\/td>\n<td width=\"267\">Amennyi belef\u00e9r.<\/td>\n<\/tr>\n<tr>\n<td height=\"20\">Jiaozi<\/td>\n<td>Kaja<\/td>\n<td>Igen<\/td>\n<td>4<\/td>\n<td width=\"267\">T\u00e9szt\u00e1soknak igazi finoms\u00e1g<\/td>\n<\/tr>\n<tr>\n<td height=\"33\">Oldalas (Dishuidong, Hongshaorou)<\/td>\n<td>Kaja<\/td>\n<td>Nem<\/td>\n<td>3<\/td>\n<td width=\"267\">H\u00fasim\u00e1d\u00f3knak aj\u00e1nlott, omlik a sz\u00e1dban, de picit \u00e9des!<\/td>\n<\/tr>\n<tr>\n<td height=\"20\">Pir\u00edtott padlizs\u00e1n<\/td>\n<td>Kaja<\/td>\n<td>Igen<\/td>\n<td>4<\/td>\n<td width=\"267\">A padlizs\u00e1nhoz a k\u00ednaiak \u00e9rtenek a legjobban.<\/td>\n<\/tr>\n<tr>\n<td height=\"33\">Shengjian<\/td>\n<td>Kaja<\/td>\n<td>Igen<\/td>\n<td>3<\/td>\n<td width=\"267\">Akinek tetszett a xiaolongbao, term\u00e9szetesen csak Yang \u00e9tterm\u00e9ben.<\/td>\n<\/tr>\n<tr>\n<td height=\"33\">Sushi \/ Jap\u00e1n \u00e9tterem<\/td>\n<td>Kaja<\/td>\n<td>Igen<\/td>\n<td>4<\/td>\n<td width=\"267\">Salvo hotelben, annak aki szereti, h\u00e9tk\u00f6znap \u00e9rdemes menni, akkor frissebb.<\/td>\n<\/tr>\n<tr>\n<td height=\"33\">Ujgur mazsola<\/td>\n<td>Kaja<\/td>\n<td>Igen<\/td>\n<td>4<\/td>\n<td width=\"267\">Csak \u0151sszel kapni, de m\u00e9g annak is \u00edzlik aki nem szereti a mazsol\u00e1t.<\/td>\n<\/tr>\n<tr>\n<td height=\"20\">Utcai reggeli<\/td>\n<td>Kaja<\/td>\n<td>Igen<\/td>\n<td>4<\/td>\n<td width=\"267\">Ez szint\u00e9n k\u00f6telez\u0151 \u00e9lm\u00e9ny.<\/td>\n<\/tr>\n<tr>\n<td height=\"33\">Utcai vacsora<\/td>\n<td>Kaja<\/td>\n<td>Igen<\/td>\n<td>2<\/td>\n<td width=\"267\">Annak, aki k\u00e9s\u0151n j\u00f6n haza a v\u00e1rosb\u00f3l. Pir\u00edtott t\u00e9szta, h\u00fasny\u00e1rs, ilyesmi.<\/td>\n<\/tr>\n<tr>\n<td height=\"33\">Xiaolongbao<\/td>\n<td>Kaja<\/td>\n<td>Igen<\/td>\n<td>4<\/td>\n<td width=\"267\">Nem szabad kihagyni Shanghai f\u0151 kulin\u00e1ris h\u00edress\u00e9g\u00e9t &#8211; otthon meg \u00fagysincs.<\/td>\n<\/tr>\n<tr>\n<td height=\"33\">Xiaolongxia\/sz\u0151r\u00f6s r\u00e1k<\/td>\n<td>Kaja<\/td>\n<td>Igen<\/td>\n<td>2<\/td>\n<td width=\"267\">Tengeri kaj\u00e1ban k\u00e9pzettebbeknek, csak ny\u00e1ron \u00e9s \u0151sszel.<\/td>\n<\/tr>\n<tr>\n<td height=\"49\">Communist party meeting place<\/td>\n<td>Landmark<\/td>\n<td>Igen<\/td>\n<td>2<\/td>\n<td width=\"267\">Ingyen van, de kapsz cser\u00e9be j\u00f3 t\u00f6m\u00e9ny propagand\u00e1t. Csak ha \u00e9pp \u00fagyis Xintiandi k\u00f6rny\u00e9k\u00e9n j\u00e1rsz \u00e9s van \u00fcres f\u00e9l\u00f3r\u00e1d.<\/td>\n<\/tr>\n<tr>\n<td height=\"33\">J\u00e1de Buddha Templom<\/td>\n<td>Landmark<\/td>\n<td>Nem<\/td>\n<td>1<\/td>\n<td width=\"267\">Turistacsapda, minden sarok\u00e9rt k\u00fcl\u00f6n\u00a0 fizetni kell. Kihagyhat\u00f3.<\/td>\n<\/tr>\n<tr>\n<td height=\"33\">Jin Mao tower<\/td>\n<td>Landmark<\/td>\n<td>Igen<\/td>\n<td>2<\/td>\n<td width=\"267\">J\u00f3, de a s\u00f6rnyit\u00f3 jobb, ha m\u00e1r kifizeted azt a valag p\u00e9nzt.<\/td>\n<\/tr>\n<tr>\n<td height=\"33\">Jing&#8217;an Templom<\/td>\n<td>Landmark<\/td>\n<td>Igen<\/td>\n<td>2<\/td>\n<td width=\"267\">Vannak \u00e9rdekesebb templomok K\u00edn\u00e1ban, na de Shanghaiban m\u00e9gis ez a legh\u00edresebb.<\/td>\n<\/tr>\n<tr>\n<td height=\"20\">Longhua Pagoda<\/td>\n<td>Landmark<\/td>\n<td>Nem<\/td>\n<td>0<\/td>\n<td width=\"267\">M\u00e9g nem voltunk&#8230;<\/td>\n<\/tr>\n<tr>\n<td height=\"33\">Lupu h\u00edd<\/td>\n<td>Landmark<\/td>\n<td>Nem<\/td>\n<td>0<\/td>\n<td width=\"267\">Fel lehet menni a tetej\u00e9re, csak nem tudom mikor.<\/td>\n<\/tr>\n<tr>\n<td height=\"20\">Mao rezidenci\u00e1ja<\/td>\n<td>Landmark<\/td>\n<td>Nem<\/td>\n<td>0<\/td>\n<td width=\"267\">M\u00e9g nem voltunk&#8230;<\/td>\n<\/tr>\n<tr>\n<td height=\"49\">Nanpu h\u00edd<\/td>\n<td>Landmark<\/td>\n<td>Igen<\/td>\n<td>4<\/td>\n<td width=\"267\">\u00c1t kell rajta menni vagy meg\u00e1llni alatta \u00e9s meg\u00e1llap\u00edtani, hogy ez m\u00e9gsem az Erzs\u00e9bet-h\u00edd.<\/td>\n<\/tr>\n<tr>\n<td height=\"33\">SH Financial Center kil\u00e1t\u00f3<\/td>\n<td>Landmark<\/td>\n<td>Igen<\/td>\n<td>4<\/td>\n<td width=\"267\">A felh\u0151karcol\u00f3k legmagasabbja \u00e9s a legjobb \u00e9lm\u00e9ny &#8211; de csak tiszta id\u0151ben!<\/td>\n<\/tr>\n<tr>\n<td height=\"49\">Shanghai Confucian Temple<\/td>\n<td>Landmark<\/td>\n<td>Nem<\/td>\n<td>4<\/td>\n<td width=\"267\">A kedvenc templomunk Shanghaiban &#8211; \u00e9s szerencs\u00e9re a turist\u00e1k t\u00f6bbs\u00e9ge is kihagyja, \u00edgy nyugalom is van.<\/td>\n<\/tr>\n<tr>\n<td height=\"20\">Shanghai Film studios<\/td>\n<td>Landmark<\/td>\n<td>Nem<\/td>\n<td>0<\/td>\n<td width=\"267\">M\u00e9g nem voltunk&#8230;<\/td>\n<\/tr>\n<tr>\n<td height=\"20\">Shanghai Flower Port<\/td>\n<td>Landmark<\/td>\n<td>Nem<\/td>\n<td>0<\/td>\n<td width=\"267\">Nagyon messze van&#8230;<\/td>\n<\/tr>\n<tr>\n<td height=\"33\">Soong Ching Ling rezidenci\u00e1ja<\/td>\n<td>Landmark<\/td>\n<td>Igen<\/td>\n<td>3<\/td>\n<td width=\"267\">Nek\u00fcnk tetszett. A propagand\u00e1n t\u00fal kell\u0151 betekint\u00e9st ny\u00fajt a r\u00e9gi elit \u00e9let\u00e9be.<\/td>\n<\/tr>\n<tr>\n<td height=\"33\">Temple of City God<\/td>\n<td>Landmark<\/td>\n<td>Igen<\/td>\n<td>4<\/td>\n<td width=\"267\">Yuyuan mell\u00e9 mindenk\u00e9pp \u00e9rdemes berakni, j\u00f3k az istens\u00e9gek \u00e1br\u00e1zol\u00e1sai.<\/td>\n<\/tr>\n<tr>\n<td height=\"49\">Tianzifang<\/td>\n<td>Landmark<\/td>\n<td>Igen<\/td>\n<td>4<\/td>\n<td width=\"267\">Esezement m\u00f3d turist\u00e1s, de m\u00e9gis egyedi \u00e9s \u00e9rdekes. Hamburgerez\u00e9ssel \u00e9rdemes \u00f6sszekapcsolni, de kell asztalfoglal\u00e1s.<\/td>\n<\/tr>\n<tr>\n<td height=\"49\">TV torony<\/td>\n<td>Landmark<\/td>\n<td>Nem<\/td>\n<td>1<\/td>\n<td width=\"267\">Mint kider\u00fclt, 2008-van m\u00e1r voltam, de nem eml\u00e9keztem r\u00e1. Azt hiszem ez mindent elmond \ud83d\ude42<\/td>\n<\/tr>\n<tr>\n<td height=\"20\">Xujiahui katedr\u00e1lis<\/td>\n<td>Landmark<\/td>\n<td>Nem<\/td>\n<td>0<\/td>\n<td width=\"267\">Eur\u00f3p\u00e1ban biztos van jobb.<\/td>\n<\/tr>\n<tr>\n<td height=\"20\">Century Park<\/td>\n<td>Park<\/td>\n<td>Igen<\/td>\n<td>2<\/td>\n<td width=\"267\">Nem \u00e9pp egy klasszikus. Csak gyerekekkel.<\/td>\n<\/tr>\n<tr>\n<td height=\"49\">Expo park<\/td>\n<td>Park<\/td>\n<td>Igen<\/td>\n<td>2<\/td>\n<td width=\"267\">Akinek nincs ideje parkokat l\u00e1togatni vagy Suzhou-ba lemenni, itt koncentr\u00e1ltan kap egy kicsit minden st\u00edlusb\u00f3l.<\/td>\n<\/tr>\n<tr>\n<td height=\"33\">Fuxing Park<\/td>\n<td>Park<\/td>\n<td>Igen<\/td>\n<td>3<\/td>\n<td width=\"267\">Itt mindenb\u0151l van egy kicsi ami miatt j\u00f3 egy k\u00ednai park \u00e9s persze itt van Marx\/Engels is \ud83d\ude42<\/td>\n<\/tr>\n<tr>\n<td height=\"33\">Guyi Garden<\/td>\n<td>Park<\/td>\n<td>Igen<\/td>\n<td>4<\/td>\n<td width=\"267\">Shanghai parkjainak netov\u00e1bbja. Mit park, arbor\u00e9tum. Csak ne lenne olyan messze.<\/td>\n<\/tr>\n<tr>\n<td height=\"33\">Huplis park<\/td>\n<td>Park<\/td>\n<td>Igen<\/td>\n<td>2<\/td>\n<td width=\"267\">Gyerekekkel, vagy foly\u00f3part-m\u00e1ni\u00e1soknak. Am\u00fagy kihagyhat\u00f3.<\/td>\n<\/tr>\n<tr>\n<td height=\"33\">Jing&#8217;an Park<\/td>\n<td>Park<\/td>\n<td>Igen<\/td>\n<td>2<\/td>\n<td width=\"267\">Csak ha m\u00e1r \u00fagyis megn\u00e9zed a Jing&#8217;an templomot.<\/td>\n<\/tr>\n<tr>\n<td height=\"33\">Lu Xun Park<\/td>\n<td>Park<\/td>\n<td>Igen<\/td>\n<td>3<\/td>\n<td width=\"267\">Ha fel tudsz kelni id\u0151ben, itt kapod a legt\u00f6bb \u00e9lm\u00e9nyt. Ha nem, akkor ink\u00e1bb Fuxing.<\/td>\n<\/tr>\n<tr>\n<td height=\"33\">Yuyuan garden<\/td>\n<td>Park<\/td>\n<td>Igen<\/td>\n<td>4<\/td>\n<td width=\"267\">K\u00f6telez\u0151, de h\u00e9tv\u00e9g\u00e9n meg ne pr\u00f3b\u00e1ld. H\u00e9tk\u00f6znap is eb\u00e9did\u0151ben aj\u00e1nlott ink\u00e1bb.<\/td>\n<\/tr>\n<tr>\n<td height=\"20\">Zhongshan park<\/td>\n<td>Park<\/td>\n<td>Nem<\/td>\n<td>1<\/td>\n<td width=\"267\">Van jobb.<\/td>\n<\/tr>\n<tr>\n<td height=\"33\">F\u00fcrd\u0151h\u00e1z<\/td>\n<td>Program<\/td>\n<td>Igen<\/td>\n<td>3<\/td>\n<td width=\"267\">Aki szeretn\u00e9 \u00e1t\u00e9lni az igazi tesped\u00e9st, vagy pizsiben vacsor\u00e1zni. Aj\u00e1nlott!<\/td>\n<\/tr>\n<tr>\n<td height=\"33\">Happy Valley<\/td>\n<td>Program<\/td>\n<td>Igen<\/td>\n<td>3<\/td>\n<td width=\"267\">Csak annak aki szereti a hull\u00e1mvas\u00fatakat (de annak nagyon) \u00e9s csak h\u00e9tk\u00f6znap.<\/td>\n<\/tr>\n<tr>\n<td height=\"33\">Jinshan City beach<\/td>\n<td>Program<\/td>\n<td>Nem<\/td>\n<td>0<\/td>\n<td width=\"267\">Amit eddig hallottam r\u00f3la, azok alapj\u00e1n semmik\u00e9pp&#8230;<\/td>\n<\/tr>\n<tr>\n<td height=\"20\">Museum of Modern Art<\/td>\n<td>Program<\/td>\n<td>Nem<\/td>\n<td>0<\/td>\n<td width=\"267\">J\u00f3 a park, a m\u00fazeumban m\u00e9g nem voltunk.<\/td>\n<\/tr>\n<tr>\n<td height=\"20\">Science and Technology Museum<\/td>\n<td>Program<\/td>\n<td>Nem<\/td>\n<td>0<\/td>\n<td width=\"267\">M\u00e9g nem voltunk&#8230;<\/td>\n<\/tr>\n<tr>\n<td height=\"33\">Shanghai aquarium<\/td>\n<td>Program<\/td>\n<td>Igen<\/td>\n<td>2<\/td>\n<td width=\"267\">Egy r\u00f6vid l\u00e1togat\u00e1s alatt sok m\u00e1s jobb dolgot tal\u00e1lni.<\/td>\n<\/tr>\n<tr>\n<td height=\"33\">Shanghai museum<\/td>\n<td>Program<\/td>\n<td>Nem<\/td>\n<td>0<\/td>\n<td width=\"267\">Es\u0151s napokra t\u00f6k\u00e9letes, rengeteg l\u00e1tnival\u00f3, ingyen bel\u00e9p\u0151.<\/td>\n<\/tr>\n<tr>\n<td height=\"49\">Shanghai museum of arts and crafts<\/td>\n<td>Program<\/td>\n<td>Igen<\/td>\n<td>3<\/td>\n<td width=\"267\">Annak ellen\u00e9re, hogy kicsit ink\u00e1bb bev\u00e1s\u00e1rl\u00f3k\u00f6zpont mint m\u00fazeum, nek\u00fcnk nagyon tetszett \u00e9s tudjuk aj\u00e1nlani.<\/td>\n<\/tr>\n<tr>\n<td height=\"33\">Shanghai Wild Animal Park<\/td>\n<td>Program<\/td>\n<td>Nem<\/td>\n<td>1<\/td>\n<td width=\"267\">Nem \u00e9ri meg a hossz\u00fa utaz\u00e1st \u00e9s a bel\u00e9p\u0151t. A szafari parkos r\u00e9sz nem rossz, de ez nem el\u00e9g.<\/td>\n<\/tr>\n<tr>\n<td height=\"20\">Shanghai Zoo<\/td>\n<td>Program<\/td>\n<td>Nem<\/td>\n<td>0<\/td>\n<td width=\"267\">M\u00e9g nem voltunk, de rossz a h\u00edre.<\/td>\n<\/tr>\n<tr>\n<td height=\"33\">Strand<\/td>\n<td>Program<\/td>\n<td>Igen<\/td>\n<td>2<\/td>\n<td width=\"267\">Ha meleg van \u00e9s szeretn\u00e9l f\u00fcrdeni. De t\u00e9nyleg csak akkor, am\u00fagy ink\u00e1bb f\u00fcrd\u0151h\u00e1z.<\/td>\n<\/tr>\n<tr>\n<td height=\"33\">Urban planning museum<\/td>\n<td>Program<\/td>\n<td>Igen<\/td>\n<td>3<\/td>\n<td width=\"267\">Nagyon \u00e9rdekes m\u00fazeum annak, akit \u00e9rdekel a v\u00e1ros t\u00f6rt\u00e9nete vagy szereti a maketteket.<\/td>\n<\/tr>\n<tr>\n<td height=\"33\">Zsid\u00f3 menek\u00fcltek m\u00fazeuma<\/td>\n<td>Program<\/td>\n<td>Igen<\/td>\n<td>2<\/td>\n<td width=\"267\">Maga a m\u00fazeum j\u00f3, de nem akkora \u00e9lm\u00e9ny ha nem \u00e9rdekel k\u00fcl\u00f6n\u00f6sebben a t\u00e9ma.<\/td>\n<\/tr>\n<tr>\n<td height=\"20\">Bund<\/td>\n<td>S\u00e9ta<\/td>\n<td>Igen<\/td>\n<td>4<\/td>\n<td width=\"267\">Ha ezt nem l\u00e1ttad, nem j\u00e1rt\u00e1l Shanghaiban \ud83d\ude42<\/td>\n<\/tr>\n<tr>\n<td height=\"33\">Francia negyed<\/td>\n<td>S\u00e9ta<\/td>\n<td>Igen<\/td>\n<td>2<\/td>\n<td width=\"267\">Erre kev\u00e9s p\u00e1r h\u00e9t, hogy igaz\u00e1n \u00e9rt\u00e9keld. Egy v\u00e1rosi bicajoz\u00e1s keret\u00e9ben persze m\u00e1s.<\/td>\n<\/tr>\n<tr>\n<td height=\"33\">Hongkou r\u00e9gi utc\u00e1i<\/td>\n<td>S\u00e9ta<\/td>\n<td>Nem<\/td>\n<td>3<\/td>\n<td width=\"267\">Tal\u00e1n a legink\u00e1bb autentikusan fennmaradt r\u00e9sz, kis rejtett kincsekkel. J\u00f3 itt s\u00e9t\u00e1lgatni.<\/td>\n<\/tr>\n<tr>\n<td height=\"33\">Huaihai road<\/td>\n<td>S\u00e9ta<\/td>\n<td>Igen<\/td>\n<td>2<\/td>\n<td width=\"267\">Csak ha leny\u0171g\u00f6znek a mindenf\u00e9le luxuskirakatok \u00e9s a brummog\u00f3 sportaut\u00f3k.<\/td>\n<\/tr>\n<tr>\n<td height=\"20\">Lujiazui<\/td>\n<td>S\u00e9ta<\/td>\n<td>Igen<\/td>\n<td>4<\/td>\n<td width=\"267\">Shanghai \u00faj arca. Szint\u00e9n meg kell n\u00e9zni.<\/td>\n<\/tr>\n<tr>\n<td height=\"49\">Nanjing road<\/td>\n<td>S\u00e9ta<\/td>\n<td>Igen<\/td>\n<td>2<\/td>\n<td width=\"267\">Teljesen olyan s\u00e9t\u00e1l\u00f3utca, mint a vil\u00e1g b\u00e1rmely nagyv\u00e1ros\u00e1ban, csak t\u00f6bben vannak \u00e9s k\u00ednaiul vannak a feliratok.<\/td>\n<\/tr>\n<tr>\n<td height=\"33\">\u00d3v\u00e1ros<\/td>\n<td>S\u00e9ta<\/td>\n<td>Igen<\/td>\n<td>3<\/td>\n<td width=\"267\">Mindenkinek aj\u00e1nlom, hogy vesszen el kicsit a sik\u00e1torokban a Yuyuan fel\u00faj\u00edtott r\u00e9sz\u00e9n k\u00edv\u00fcl.<\/td>\n<\/tr>\n<tr>\n<td height=\"33\">Suzhou creek<\/td>\n<td>S\u00e9ta<\/td>\n<td>Igen<\/td>\n<td>2<\/td>\n<td width=\"267\">\u00c9n nem tal\u00e1ltam benne \u00e9rdekeset vagy jellegzeteset, kihagyhat\u00f3.<\/td>\n<\/tr>\n<tr>\n<td height=\"49\">Xintiandi<\/td>\n<td>S\u00e9ta<\/td>\n<td>Igen<\/td>\n<td>2<\/td>\n<td width=\"267\">Semmi extra, hagyjuk meg a sznob k\u00fclf\u00f6ldieknek &#8211; \u00e1ts\u00e9t\u00e1lni rajta egyszer \u00e9rdekes<\/td>\n<\/tr>\n<tr>\n<td height=\"33\">Zsid\u00f3 gett\u00f3<\/td>\n<td>S\u00e9ta<\/td>\n<td>Igen<\/td>\n<td>3<\/td>\n<td width=\"267\">Nem csak a t\u00f6rt\u00e9nete miatt, hanem az\u00e9rt is, mert ma is \u00e9lettel teli kis utc\u00e1k ezek.<\/td>\n<\/tr>\n<tr>\n<td height=\"20\">Copy Market + Gy\u00f6ngypiac<\/td>\n<td>Shopping<\/td>\n<td>Igen<\/td>\n<td>4<\/td>\n<td width=\"267\">De csak az\u00e9rt, mert itt lakunk a k\u00f6zelben \ud83d\ude42<\/td>\n<\/tr>\n<tr>\n<td height=\"49\">Dongtai road antikpiac<\/td>\n<td>Shopping<\/td>\n<td>Igen<\/td>\n<td>4<\/td>\n<td width=\"267\">Ez sem \u0151szinte, de m\u00e9gis van hangulata. Fuxing parkkal \u00e9rdemes k\u00f6tni. Halad\u00f3knak van igazi antikpiac Pudong k\u00fcls\u0151bb r\u00e9sz\u00e9n.<\/td>\n<\/tr>\n<tr>\n<td height=\"33\">Fabric market<\/td>\n<td>Shopping<\/td>\n<td>Igen<\/td>\n<td>3<\/td>\n<td width=\"267\">Aki szeretne saj\u00e1t \u00f6lt\u00f6nyt vagy hobbija a szab\u00f3kkal vit\u00e1z\u00e1s.<\/td>\n<\/tr>\n<tr>\n<td height=\"33\">Laoximen Tea Plaza<\/td>\n<td>Shopping<\/td>\n<td>Nem<\/td>\n<td>1<\/td>\n<td width=\"267\">Ink\u00e1bb menjetek egy kisebb teaboltba. Semmi k\u00fcl\u00f6n\u00f6s \u00e9s baromi dr\u00e1ga.<\/td>\n<\/tr>\n<tr>\n<td height=\"49\">Lotus\/Carrefour<\/td>\n<td>Shopping<\/td>\n<td>Igen<\/td>\n<td>4<\/td>\n<td width=\"267\">Egyszer az \u00e9letben kell \u00fagy v\u00e1s\u00e1rolni, hogy csak bolyongsz a polcok k\u00f6z\u00f6tt \u00e9s a nagy r\u00e9sz\u00e9r\u0151l nem tudod, mi az&#8230;<\/td>\n<\/tr>\n<tr>\n<td height=\"33\">Super Brand Mall<\/td>\n<td>Shopping<\/td>\n<td>Igen<\/td>\n<td>2<\/td>\n<td width=\"267\">Nem nagy durran\u00e1s, standard bev\u00e1s\u00e1rl\u00f3k\u00f6zpont, csak nagyobb.<\/td>\n<\/tr>\n<tr>\n<td height=\"33\">Xujiahui<\/td>\n<td>Shopping<\/td>\n<td>Nem<\/td>\n<td>0<\/td>\n<td width=\"267\">Annak aki elektronikai cuccot venne. De a taobao jobb.<\/td>\n<\/tr>\n<\/tbody>\n<\/table>\n","protected":false},"excerpt":{"rendered":"<p>Ez a lista Shanghai legjob l\u00e1tnival\u00f3ir\u00f3l \u00e9s \u00e9lm\u00e9nyeir\u0151l egy sima bejegyz\u00e9sk\u00e9nt indult, de sokan nem tal\u00e1lt\u00e1k, \u00edgy kiker\u00fclt ide. Pr\u00f3b\u00e1lom rendszeresen friss\u00edteni. \u00c9rt\u00e9kel\u00e9s: 4 \u2013 k\u00f6telez\u0151, ha megteheted 3 \u2013 nagyon aj\u00e1nljuk, igazi \u00e9lm\u00e9ny 2 \u2013 csak ha jut r\u00e1 id\u0151d 1 \u2013 szerint\u00fcnk felejt\u0151s 0 \u2013 m\u00e9g nem voltunk de a list\u00e1ra k\u00edv\u00e1nkozik N\u00e9v [&hellip;]<\/p>\n","protected":false},"author":1,"featured_media":0,"parent":0,"menu_order":0,"comment_status":"open","ping_status":"open","template":"","meta":[],"_links":{"self":[{"href":"https:\/\/shanghai.stunts.hu\/index.php?rest_route=\/wp\/v2\/pages\/3627"}],"collection":[{"href":"https:\/\/shanghai.stunts.hu\/index.php?rest_route=\/wp\/v2\/pages"}],"about":[{"href":"https:\/\/shanghai.stunts.hu\/index.php?rest_route=\/wp\/v2\/types\/page"}],"author":[{"embeddable":true,"href":"https:\/\/shanghai.stunts.hu\/index.php?rest_route=\/wp\/v2\/users\/1"}],"replies":[{"embeddable":true,"href":"https:\/\/shanghai.stunts.hu\/index.php?rest_route=%2Fwp%2Fv2%2Fcomments&post=3627"}],"version-history":[{"count":1,"href":"https:\/\/shanghai.stunts.hu\/index.php?rest_route=\/wp\/v2\/pages\/3627\/revisions"}],"predecessor-version":[{"id":3633,"href":"https:\/\/shanghai.stunts.hu\/index.php?rest_route=\/wp\/v2\/pages\/3627\/revisions\/3633"}],"wp:attachment":[{"href":"https:\/\/shanghai.stunts.hu\/index.php?rest_route=%2Fwp%2Fv2%2Fmedia&parent=3627"}],"curies":[{"name":"wp","href":"https:\/\/api.w.org\/{rel}","templated":true}]}}