{"id":656,"date":"2011-04-27T23:17:02","date_gmt":"2011-04-27T15:17:02","guid":{"rendered":"http:\/\/shanghai.stunts.hu\/?page_id=656"},"modified":"2020-10-08T15:05:24","modified_gmt":"2020-10-08T07:05:24","slug":"rolunk","status":"publish","type":"page","link":"https:\/\/shanghai.stunts.hu\/?page_id=656","title":{"rendered":"R\u00f3lunk"},"content":{"rendered":"<p>Mir\u0151l is sz\u00f3l ez a blog?<\/p>\n<p>Adott egy bevallottan K\u00edna-m\u00e1ni\u00e1s fiatalember (ez \u00e9n lenn\u00e9k), aki \u00fagy-ahogy besz\u00e9l k\u00ednaiul, \u00e9s rajong a k\u00ednai kult\u00far\u00e1\u00e9rt (meg f\u0151leg az \u00e9telek\u00e9rt). Tanultam nyelviskol\u00e1ban kb. k\u00e9t \u00e9vig, \u00e9s <a href=\"zaqrack.stunts.hu\">2008-ban t\u00f6bbsz\u00f6r is j\u00e1rtam K\u00edna \u00fcl\u00f6nb\u00f6z\u0151 r\u00e9szein \u00fczleti \u00faton<\/a>, de h\u00e1t ez ugye m\u00e1s, mint K\u00edn\u00e1baan \u00e9lni.<\/p>\n<p>2010 november\u00e9ben eld\u0151lt, hogy kik\u00fcldet\u00e9sre mehet\u00fcnk Shanghaiba. R\u00f6vid k\u00e9sz\u00fcl\u0151d\u00e9s ut\u00e1n 2011 m\u00e1rcius elej\u00e9n nyakamba vettem m\u00e1sf\u00e9l \u00e9ves Barnab\u00e1s fiamat, gy\u00f6ny\u00f6r\u0171s\u00e9ges feles\u00e9gemet &#8211; Andit,\u00a0 egy j\u00f3 nagy adag felel\u0151ss\u00e9get \u00e9s\u00a0 nekiv\u00e1gtunk.<\/p>\n<p>M\u00e1sf\u00e9l &#8211; k\u00e9t \u00e9vet tervezt\u00fcnk elt\u00f6lteni a vil\u00e1g egyik legnagyobb \u00e9s leg\u00e9rdekesebb v\u00e1ros\u00e1ban. \u00c9n ek\u00f6zben beind\u00edtottam egy c\u00e9get, Barnab\u00e1s j\u00e1tszik &#8211; tanul &#8211; eszik &#8211; alszik, Andi pedig \u00e9lvezi az \u00e9letet, \u00e9s gondoskodik arr\u00f3l, hogy itt is egy otthonban \u00e9lhess\u00fcnk, ne pedig csak egy b\u00e9relt lak\u00e1sban. Id\u0151k\u00f6zben Ricsi fiunk is megsz\u00fcletett.<\/p>\n<p>A m\u00e1sf\u00e9l \u00e9vb\u0151l v\u00e9g\u00fcl h\u00e1rom \u00e9s f\u00e9l \u00e9v lett, 2014 december\u00e9ben k\u00f6lt\u00f6zt\u00fcnk vissza Budapestre. Ennek a kalandokkal teli h\u00e1rom \u00e9s f\u00e9l \u00e9vnek a kr\u00f3nik\u00e1ja ez a blog, egy olyan K\u00edn\u00e1r\u00f3l, ami az\u00f3ta m\u00e1r teljesen megv\u00e1ltozott<\/p>\n<p>Kellemes olvasgat\u00e1st!<\/p>\n","protected":false},"excerpt":{"rendered":"<p>Mir\u0151l is sz\u00f3l ez a blog? Adott egy bevallottan K\u00edna-m\u00e1ni\u00e1s fiatalember (ez \u00e9n lenn\u00e9k), aki \u00fagy-ahogy besz\u00e9l k\u00ednaiul, \u00e9s rajong a k\u00ednai kult\u00far\u00e1\u00e9rt (meg f\u0151leg az \u00e9telek\u00e9rt). Tanultam nyelviskol\u00e1ban kb. k\u00e9t \u00e9vig, \u00e9s 2008-ban t\u00f6bbsz\u00f6r is j\u00e1rtam K\u00edna \u00fcl\u00f6nb\u00f6z\u0151 r\u00e9szein \u00fczleti \u00faton, de h\u00e1t ez ugye m\u00e1s, mint K\u00edn\u00e1baan \u00e9lni. 2010 november\u00e9ben eld\u0151lt, hogy kik\u00fcldet\u00e9sre [&hellip;]<\/p>\n","protected":false},"author":1,"featured_media":0,"parent":0,"menu_order":0,"comment_status":"open","ping_status":"open","template":"","meta":[],"_links":{"self":[{"href":"https:\/\/shanghai.stunts.hu\/index.php?rest_route=\/wp\/v2\/pages\/656"}],"collection":[{"href":"https:\/\/shanghai.stunts.hu\/index.php?rest_route=\/wp\/v2\/pages"}],"about":[{"href":"https:\/\/shanghai.stunts.hu\/index.php?rest_route=\/wp\/v2\/types\/page"}],"author":[{"embeddable":true,"href":"https:\/\/shanghai.stunts.hu\/index.php?rest_route=\/wp\/v2\/users\/1"}],"replies":[{"embeddable":true,"href":"https:\/\/shanghai.stunts.hu\/index.php?rest_route=%2Fwp%2Fv2%2Fcomments&post=656"}],"version-history":[{"count":4,"href":"https:\/\/shanghai.stunts.hu\/index.php?rest_route=\/wp\/v2\/pages\/656\/revisions"}],"predecessor-version":[{"id":5960,"href":"https:\/\/shanghai.stunts.hu\/index.php?rest_route=\/wp\/v2\/pages\/656\/revisions\/5960"}],"wp:attachment":[{"href":"https:\/\/shanghai.stunts.hu\/index.php?rest_route=%2Fwp%2Fv2%2Fmedia&parent=656"}],"curies":[{"name":"wp","href":"https:\/\/api.w.org\/{rel}","templated":true}]}}