{"id":874,"date":"2011-06-05T01:09:15","date_gmt":"2011-06-04T17:09:15","guid":{"rendered":"http:\/\/shanghai.stunts.hu\/?page_id=874"},"modified":"2012-07-12T18:05:30","modified_gmt":"2012-07-12T10:05:30","slug":"kerdezz-felelek","status":"publish","type":"page","link":"https:\/\/shanghai.stunts.hu\/?page_id=874","title":{"rendered":"K\u00e9rdezz-felelek"},"content":{"rendered":"<p>Kicsit k\u00f6rbej\u00e1rn\u00e1m, mi\u00e9rt vagyunk itt, \u00e9s milyen K\u00edn\u00e1ban \u00e9lni, aff\u00e9le k\u00e9rd\u00e9s-felelet form\u00e1ban, f\u0151leg a saj\u00e1t szemsz\u00f6gemb\u0151l. Ha \u00edrtok olyan k\u00e9rd\u00e9st, ami k\u00f6z\u00e9rdekl\u0151d\u00e9sre tarthat sz\u00e1mot, arra is itt fogok v\u00e1laszolni.<\/p>\n<p><em>Friss\u00edtve 2012 j\u00faliusban, mivel m\u00e1r t\u00f6bb, mint egy \u00e9ve \u00edrtam az eredeti verzi\u00f3t.\u00a0<\/em><\/p>\n<p><strong>Mi\u00e9rt d\u00f6nt\u00f6ttetek \u00fagy, hogy elmentek otthonr\u00f3l?<\/strong><br \/>\nMert lehet\u0151s\u00e9g\u00fcnk ny\u00edlt r\u00e1. M\u00e9g csak <del>29<\/del>30 \u00e9ves vagyok, messze van m\u00e9g a kapuz\u00e1r\u00e1si p\u00e1nik, de m\u00e1r most tiszt\u00e1ban vagyok vele, hogy rengeteg dolog amit az \u00e9letemben terveztem, nem fog megval\u00f3sulni. Az egyik ilyen volt kipr\u00f3b\u00e1lni, hogyan tudok \u00e9rv\u00e9nyes\u00fclni a saj\u00e1t l\u00e1bamon, t\u00e1vol a csal\u00e1domt\u00f3l egy idegen kult\u00far\u00e1ban.<\/p>\n<p>Most a saj\u00e1t l\u00e1bunkon \u00e1llunk, el\u00e9g messze otthonr\u00f3l \u00e9s a kult\u00fara is el\u00e9g idegen &#8211; sz\u00f3val azt hiszem ezt kipip\u00e1lhatjak \ud83d\ude42<\/p>\n<p>M\u00e1sr\u00e9szt pedig minden d\u00f6nt\u00e9s egy befektet\u00e9s is. Eg\u00e9szen biztos vagyok benne, hogy az itt elt\u00f6lt\u00f6tt id\u0151 alatt \u00f6sszegy\u0171jt\u00f6tt tapasztalat \u00e9s tud\u00e1s sokkal t\u00f6bbet fog \u00e9rni p\u00e1r \u00e9v m\u00falva, mint az a p\u00e9nz a banksz\u00e1ml\u00e1mon, amit mondjuk akkor keresn\u00e9k, ha valahol az EU-ban dolgozn\u00e9k duplaennyi\u00e9rt.<br \/>\nK\u00ednai nyelvtud\u00e1s, c\u00e9gvezet\u00e9si tapasztalat, interkult\u00far\u00e1lis ismeretek, szakmai elismer\u00e9s \u00e9s sikerek &#8211; egyiket sem osztogatj\u00e1k minden sarkon, itt pedig mind a n\u00e9gyet egyszerre tudom gy\u0171jteni, j\u00f3val hat\u00e9konyabban, mint otthon tudtam volna.<\/p>\n<p><strong>Mi\u00e9rt pont K\u00edna?<\/strong><\/p>\n<p>Mert minden \u00fat ide vezetett az\u00f3ta, hogy be\u00fcltem az els\u0151 k\u00ednai nyelv\u00f3r\u00e1mra 2006-ban.\u00a0 Voltak mell\u00e9kv\u00e1g\u00e1nyok, de v\u00e9g\u00fcl \u00f6sszegy\u0171ltek a kirak\u00f3s darabjai \u00e9s sz\u00e9p lassan \u00f6ssze\u00e1llt a k\u00e9p, megny\u00edlt a lehet\u0151s\u00e9g.<\/p>\n<p>Ezen k\u00edv\u00fcl szeretem ezt az orsz\u00e1got, \u00e9s ha m\u00e1r h\u00e1rom \u00e9vet bele\u00f6ltem abba, hogy megpr\u00f3b\u00e1ljam megtanulni ezt a nyelvet, legal\u00e1bb egy er\u0151s k\u00f6z\u00e9pfokig el k\u00e9ne jutni &#8211; ezt pedig id\u0151 \u00e9s k\u00f6lts\u00e9ghat\u00e9konyan csak itt tudom megtenni.<\/p>\n<p>Sajnos a k\u00ednai nem az a &#8220;ragad\u00f3s&#8221; nyelv. Nem seg\u00edt az sem, hogy a munka sor\u00e1n egy\u00e1ltal\u00e1n nem kell haszn\u00e1lnom, de az\u00e9rt valahol elszomor\u00edt\u00f3, hogy m\u00e1sf\u00e9l \u00e9v alatt csak annyit \u00e9rtem el, hogy magabiztosabban (j\u00f3, sokkal magabiztosabban) haszn\u00e1lom az eddigi tud\u00e1som &#8211; de egy\u00e1ltal\u00e1n nem vettem fel tov\u00e1bbi tud\u00e1st. Ideje lesz beiratkozni egy nyelvtan\u00e1rhoz.<\/p>\n<p><strong>Mi\u00e9rt Shanghai?<\/strong><\/p>\n<p>Mert itt volt munka. Egy darabig \u00fagy volt, hogy Peking lesz bel\u0151le de -szerencs\u00e9re- v\u00e9g\u00fcl nem \u00edgy lett. A k\u00f6zismert mond\u00e1s szerint Shanghai nem K\u00edna, de ugyanakkor egy k\u00fcl\u00f6ldinek Shanghai az egyik\u00a0legink\u00e1bb \u00e9lhet\u0151 hely K\u00edn\u00e1ban (Shenzhen \u00e9s Hongkong mellett, de Hongkong ugye nem teljesen K\u00edna am\u00fagy sem, hi\u00e1ba egy orsz\u00e1g).<\/p>\n<p>\u00c9s igen, tudom, hogy magyarul Sanghaj-nak \u00edrj\u00e1k. De \u00e9n azon a v\u00e9lem\u00e9nyen vagyok, hogy ideje lenne nek\u00fcnk magyaroknak\u00a0is \u00e1tt\u00e9rni a k\u00ednai szavak hivatalos <a href=\"http:\/\/hu.wikipedia.org\/wiki\/Pinjin\">pinjin<\/a>-\u00e1t\u00edr\u00e1sra, \u00e9s nem k\u00fcl\u00f6nck\u00f6dni. Tudom, akkor meg Beijing \u00e9s nem Peking. De erre viszont nem visz r\u00e1 a l\u00e9lek&#8230; Sz\u00f3val\u00a0Shanghai \u00e9s Peking\u00a0marad mert \u00edgy d\u00f6nt\u00f6tt\u00fcnk, k\u00e9sz! \ud83d\ude42<\/p>\n<p><strong>Mi\u00e9rt pont most?<\/strong><\/p>\n<p>Mikor m\u00e1skor? Ha kor\u00e1bban j\u00f6v\u00fcnk, nincs meg a kell\u0151 szakmai tapasztalatom, hogy el tudjam tartani a csal\u00e1dom. Ha ak\u00e1r csak 3 \u00e9vvel k\u00e9s\u0151bb j\u00f6v\u00fcnk, akkor m\u00e1r kiszak\u00edtjuk Barnab\u00e1st egy j\u00f3l megszokott k\u00f6zegb\u0151l, \u00e9s min\u00e9l k\u00e9s\u0151bbre tol\u00f3dna a k\u00f6lt\u00f6z\u00e9s, ez csak ann\u00e1l nehezebb lenne. Most vagyunk fiatalok, mobilok, rugalmasak. Hitel \u00e9s egy\u00e9b otthoni terhek h\u00edj\u00e1n nem vagyunk r\u00f6gh\u00f6z k\u00f6tve, gyakorlatilag 3 b\u0151r\u00f6ndbe \u00e9s 3 dobozba bepakolva el tudtunk j\u00f6nni. B\u00e1r a csal\u00e1d n\u00e9lk\u00fcl neh\u00e9z, most m\u00e9g viszonylag lelkiismeretfurdal\u00e1s n\u00e9lk\u00fcl el tudunk j\u00f6nni, mert nem t\u00e1maszkodik a seg\u00edts\u00e9g\u00fcnkre senki.<\/p>\n<p>Ezon k\u00edv\u00fcl van m\u00e9g egy fontos szempont. B\u00e1r sok k\u00f6lts\u00e9get \u00e1ll nek\u00fcnk a c\u00e9g, ahol dolgozom, egy nemzetk\u00f6zi iskola k\u00f6lts\u00e9gei biztos m\u00e1r a megval\u00f3s\u00edthat\u00f3 kereten fel\u00fcl lenne (ez als\u00f3 hangon havi 350000Ft k\u00f6r\u00fcl gyerekenk\u00e9nt). K\u00ednai \u00f3vod\u00e1ba b\u00e1tran beadom \u0151ket, de az iskola kiz\u00e1rt, hogy k\u00ednai legyen, mert szeretn\u00e9m, ha maradna benn\u00fck kreativit\u00e1s.<\/p>\n<p><strong>De m\u00e9giscsak a p\u00e9nz\u00a0 a l\u00e9nyeg, nem? Anyagilag meg\u00e9ri?<\/strong><\/p>\n<p><strong> <\/strong>Akik Eur\u00f3pa nyugati fel\u00e9be k\u00f6lt\u00f6znek, vagy az\u00e9rt teszik, mert t\u00f6bbet kereshetnek vele, vagy az\u00e9rt, mert nem \u00e9rzik j\u00f3l magukat otthon, vagy mindkett\u0151. Eset\u00fcnkben nagyon nem err\u0151l van sz\u00f3. Egyr\u00e9szt nagyon is j\u00f3l \u00e9rezt\u00fck magunkat otthon, a magunk szer\u00e9ny k\u00f6r\u00fclm\u00e9nyei k\u00f6z\u00f6tt k\u00e9nyelmes \u00e9s boldog \u00e9let\u00fcnk volt, m\u00e1sr\u00e9szt nagyon nem az anyagiak motiv\u00e1ltak, amikor meghoztuk ezt a d\u00f6nt\u00e9st.<\/p>\n<p>Ha tiszt\u00e1n az anyagi oldal\u00e1t n\u00e9zz\u00fck, az els\u0151 \u00e9vben nem \u00e9rte meg. Gyakorlatilag amennyivel t\u00f6bbet keresek, azt elviszi Andi kiesett j\u00f6vedelme \u00e9s az itteni \u00e9lethez kapcsol\u00f3d\u00f3 megemelkedett k\u00f6lts\u00e9gek. Ugyanazt az \u00e9letsz\u00ednvonalat tudjuk tartani amit otthon, csak kicsit a helyi viszonyokhoz adapt\u00e1lva az \u00f6sszet\u00e9tel\u00e9t.<\/p>\n<p><strong>\u00c9s k\u00e9s\u0151bb meg\u00e9ri majd?<\/strong><\/p>\n<p>Ha majd nem a magyar \u00e1llamnak fizetek ad\u00f3t, hanem a k\u00ednainak, akkor majd \u00fajra nyilatkozom a t\u00e9m\u00e1r\u00f3l. Ami ad\u00f3 \u00e9s j\u00e1rul\u00e9k otthon 36% az itt 14%, \u00e9s akkor felfele kerek\u00edtettem. Persze, a kevesebb teher\u00e9rt cser\u00e9be kevesebb szolg\u00e1ltat\u00e1st kapok az \u00e1llamt\u00f3l, de a nyugd\u00edjamr\u00f3l k\u00f6sz\u00f6n\u00f6m, ink\u00e1bb gondoskodok \u00e9n magam (\u00e9s err\u0151l m\u00e1r nyilatkoztam is :)).<\/p>\n<p>Nyilatkozom \u00edgy egy \u00e9vvel k\u00e9s\u0151bb: \u00cdgy m\u00e1r sokkal jobb. Sajnos volt n\u00e9mi j\u00e1rul\u00e9kkiigaz\u00edt\u00e1s (emeltek, nan\u00e1), \u00e9s a visszaig\u00e9nyelhet\u0151 ad\u00f3kat se tudom \u00fagy \u00e9rv\u00e9nyes\u00edteni, ahogy eredetileg tervezt\u00fck, de m\u00e9g mindig csak a j\u00f6vedelmem 24%-a megy az \u00e1llamnak. Az\u00e9rt van k\u00fcl\u00f6nbs\u00e9g. Ezen k\u00edv\u00fcl jelent\u0151sen er\u0151sebb lett a yuan a forinthoz k\u00e9pest , 30%-ot er\u0151s\u00f6d\u00f6tt mi\u00f3ta itt vagyunk. Ezt ugyan most nem \u00e9rezz\u00fck, de amikor a -nem t\u00fal sok- megsp\u00f3rolt p\u00e9nzt majd hazaviszem, akkor majd igen. Ugyanakkor a meg\u00e9lhet\u00e9si k\u00f6lts\u00e9geink m\u00e9g mindig jelent\u0151sen magasabbak, mint otthon.<\/p>\n<p>De mondom, nem ez volt a f\u0151 motiv\u00e1ci\u00f3. Nem abb\u00f3l fogunk meggazdagodni, amit itt f\u00e9lreteszek, ak\u00e1rmeddig is maradunk. Ezen k\u00edv\u00fcl <del>29<\/del>30 \u00e9vesen el tudom tartani a csal\u00e1domat kiz\u00e1r\u00f3lag a saj\u00e1t fizet\u00e9semb\u0151l \u00e9s m\u00e9g k\u00f6z\u00e9p- \u00e9s hossz\u00fat\u00e1v\u00fa c\u00e9lokra is f\u00e9lre is tudunk tenni. Szerintem egy szavam sem lehet panaszra.<\/p>\n<p><strong>J\u00f3, hagyjuk az anyagiakat. Ha \u00edgy n\u00e9zz\u00fck, meg\u00e9ri?<\/strong><\/p>\n<p>Mindenk\u00e9pp. Hogy csak egy oldal\u00e1t n\u00e9zz\u00fck, szerintem mindenkinek meg kell tapasztalni, milyen egy m\u00e1s kult\u00far\u00e1ban \u00e9lni idegenk\u00e9nt \u00e9s k\u00edv\u00fcl\u00e1ll\u00f3k\u00e9nt. M\u00e1r ez a tapasztalat \u00f6nmag\u00e1ban rengeteg olyan \u00e9rt\u00e9ket ad az embernek, ami miatt meg\u00e9ri v\u00e1llalni az \u00e1tmeneti kellemetlens\u00e9geket. Itt egy pillanatra sem tudjuk elrejteni, vagy elfelejteni, hogy nem vagyunk ideval\u00f3k, \u00e9s ebb\u0151l rengeteget tanul az ember.<\/p>\n<p>Kicsit olyan ez, mint amikor a Burger King-ben dolgoztam f\u00e9l \u00e9vig. Nem kerestem sokat (haha, j\u00f3 vicc), a munka is szar volt, de az ott megtanult tolerancia, alkalmazkod\u00f3k\u00e9szs\u00e9g \u00e9s p\u00e1r m\u00e1s egy\u00e9b tapasztalat miatt m\u00e9gis azt mondom, j\u00f3 d\u00f6nt\u00e9s volt \u00e9s meg\u00e9rte a befektetett id\u0151t \u00e9s energi\u00e1t az adott k\u00f6r\u00fclm\u00e9nyek k\u00f6z\u00f6tt.<\/p>\n<p><strong>A csal\u00e1d nem hi\u00e1nyzik?<\/strong><\/p>\n<p>De, nagyon. Aki fiatalkor\u00e1ban sokat k\u00f6lt\u00f6z\u00f6tt, nincs j\u00f3 viszonyban a csal\u00e1dj\u00e1val, vagy \u00e9lt t\u00e1volabb huzamosabb ideig a csal\u00e1dj\u00e1t\u00f3l, pl. koll\u00e9giumban, vagy cseredi\u00e1kk\u00e9nt annak ez biztos k\u00f6nnyebb. Minket speciel nagyon megvisel, mert a fentiek k\u00f6z\u00fcl egyik se \u00e9rv\u00e9nyes r\u00e1nk, \u00e9n gyakorlatilag eg\u00e9sz \u00e9letemet a csal\u00e1dom k\u00f6zel\u00e9ben \u00e9s egyetlen v\u00e1rosban t\u00f6lt\u00f6ttem. A Skype seg\u00edt valamit. Andi \u00e9s Barnab\u00e1s nagyon sokat seg\u00edt, hiszen alapvet\u0151en \u0151k a csal\u00e1dom, \u0151k pedig itt vannak. Egyed\u00fcl biztosan nem \u00e9rezn\u00e9m ennyire itthon magam \u00e9s sokkal rosszabb lenne a kedvem.<\/p>\n<p><strong>M\u00e1s nem hi\u00e1nyzik?<\/strong><\/p>\n<p>Jaj, dehogynem! Napr\u00f3l napra hosszabb a lista. Ha a csal\u00e1don k\u00edv\u00fcl h\u00e1rom dologra kell korl\u00e1toznom, akkor: a biciklim, a Budapest k\u00f6rny\u00e9ki hegyek \u00e9s a munka\/szabadid\u0151 k\u00f6zti egy\u00e9rtelm\u0171 hat\u00e1rvonal. Minden m\u00e1s hi\u00e1ny p\u00f3tolhat\u00f3, vagy elviselhet\u0151, de ezek minden nap belenyilallnak a sz\u00edvembe, mert egyszer\u0171en nincs lehet\u0151s\u00e9g helyettes\u00edteni semmivel \u00e9s nagyon sokat jelentettek otthon.Az ut\u00f3bbi m\u00e9g csak-csak megoldhat\u00f3 n\u00e9mi gyakorlattal, de egy hegy sajnos nem fog ide\u00e9p\u00fclni a v\u00e1ros k\u00f6zep\u00e9re.<\/p>\n<p>A munka-szabadid\u0151 hat\u00e1rvonalat megszoktam. Vettem m\u00e9g egy biciklit amivel legal\u00e1bb az utakat tudom r\u00f3ni, ha m\u00e1r nincs hegy. A hegyek&#8230; na igen&#8230; \ud83d\ude41<\/p>\n<p><strong>Meddig maradtok?<\/strong><\/p>\n<p>Vannak bizonyos minimum k\u00f6vetelm\u00e9nyek. Addig biztos nem megy\u00fcnk haza, am\u00edg a helyi c\u00e9g \u00e9s csapat nem \u00e1ll meg a saj\u00e1t l\u00e1b\u00e1n n\u00e9lk\u00fclem is. R\u00e9szben az\u00e9rt, mert nem hagyom f\u00e9lbe, amit elkezdtem, r\u00e9szben pedig az\u00e9rt, mert ennyivel tartozom az\u00e9rt a t\u00e1mogat\u00e1s\u00e9rt, amit a c\u00e9g ad nekem.<\/p>\n<p>Ezen fel\u00fcl addig ameddig j\u00f3lesik, avagy ameddig a hi\u00e1nyok \u00e9s a neh\u00e9zs\u00e9gek kevesebbet nyomnak a m\u00e9rlegen, mint az el\u0151ny\u00f6k \u00e9s a pozit\u00edvumok. De egy\u00e9rtelm\u0171en nem maradunk itt \u00f6r\u00f6kre, kiv\u00e9ve, ha kitelep\u00fcl mindkett\u0151nk csal\u00e1dja. \u00e9s felh\u00faznak egy legal\u00e1bb 500m-es hegyet a belv\u00e1rosban, ahova csak bicajjal lehet felmenni \ud83d\ude42<\/p>\n<p><strong>K\u00edna ut\u00e1n hogyan \u00e9s hova tov\u00e1bb?<\/strong><\/p>\n<p>Fogalmam sincs. Ahogy j\u00f3lesik. Lehet, hogy ugyanazt az \u00e9letet folytatjuk, mint amit otthagytunk, de egyel\u0151re \u00fagy l\u00e1tom, erre kicsi az es\u00e9ly, \u00e9s otthon egy m\u00e1sfajta \u00e9let v\u00e1r majd.<\/p>\n<p>Nagyban f\u00fcgg att\u00f3l is, milyen lehet\u0151s\u00e9gek v\u00e1rnak majd otthon. Lehet az is, hogy m\u00e9g elmegy\u00fcnk m\u00e1shova is a vil\u00e1gban. Lehet, hogy eleg\u00fcnk lesz az eg\u00e9szb\u0151l, \u00e9s vesz\u00fcnk egy tany\u00e1t a hegyekben. Megl\u00e1tjuk.<\/p>\n<p>Abban viszont biztos vagyok, hogy pontosan tudni fogjuk, mikor \u00e9s merre kell tov\u00e1bbl\u00e9pni, mint ahogy eddig is mindig tudtuk. \u00c9s az is biztos, hogy a megfelel\u0151 d\u00f6nt\u00e9st fogjuk meghozni, amit k\u00e9s\u0151bb nem b\u00e1nunk meg.<\/p>\n<p>&nbsp;<\/p>\n","protected":false},"excerpt":{"rendered":"<p>Kicsit k\u00f6rbej\u00e1rn\u00e1m, mi\u00e9rt vagyunk itt, \u00e9s milyen K\u00edn\u00e1ban \u00e9lni, aff\u00e9le k\u00e9rd\u00e9s-felelet form\u00e1ban, f\u0151leg a saj\u00e1t szemsz\u00f6gemb\u0151l. Ha \u00edrtok olyan k\u00e9rd\u00e9st, ami k\u00f6z\u00e9rdekl\u0151d\u00e9sre tarthat sz\u00e1mot, arra is itt fogok v\u00e1laszolni. Friss\u00edtve 2012 j\u00faliusban, mivel m\u00e1r t\u00f6bb, mint egy \u00e9ve \u00edrtam az eredeti verzi\u00f3t.\u00a0 Mi\u00e9rt d\u00f6nt\u00f6ttetek \u00fagy, hogy elmentek otthonr\u00f3l? Mert lehet\u0151s\u00e9g\u00fcnk ny\u00edlt r\u00e1. M\u00e9g csak 2930 [&hellip;]<\/p>\n","protected":false},"author":1,"featured_media":0,"parent":0,"menu_order":4,"comment_status":"open","ping_status":"open","template":"","meta":[],"_links":{"self":[{"href":"https:\/\/shanghai.stunts.hu\/index.php?rest_route=\/wp\/v2\/pages\/874"}],"collection":[{"href":"https:\/\/shanghai.stunts.hu\/index.php?rest_route=\/wp\/v2\/pages"}],"about":[{"href":"https:\/\/shanghai.stunts.hu\/index.php?rest_route=\/wp\/v2\/types\/page"}],"author":[{"embeddable":true,"href":"https:\/\/shanghai.stunts.hu\/index.php?rest_route=\/wp\/v2\/users\/1"}],"replies":[{"embeddable":true,"href":"https:\/\/shanghai.stunts.hu\/index.php?rest_route=%2Fwp%2Fv2%2Fcomments&post=874"}],"version-history":[{"count":5,"href":"https:\/\/shanghai.stunts.hu\/index.php?rest_route=\/wp\/v2\/pages\/874\/revisions"}],"predecessor-version":[{"id":2531,"href":"https:\/\/shanghai.stunts.hu\/index.php?rest_route=\/wp\/v2\/pages\/874\/revisions\/2531"}],"wp:attachment":[{"href":"https:\/\/shanghai.stunts.hu\/index.php?rest_route=%2Fwp%2Fv2%2Fmedia&parent=874"}],"curies":[{"name":"wp","href":"https:\/\/api.w.org\/{rel}","templated":true}]}}